{"id":408,"date":"2021-05-15T08:22:26","date_gmt":"2021-05-15T08:22:26","guid":{"rendered":"https:\/\/torrisis.eu\/?post_type=product&#038;p=408"},"modified":"2024-07-13T10:54:58","modified_gmt":"2024-07-13T10:54:58","slug":"pate-di-olive-nere","status":"publish","type":"product","link":"https:\/\/torrisis.com\/en\/product\/black-olive-pate\/","title":{"rendered":"Black olive pate"},"content":{"rendered":"<p><strong>BLACK OLIVE PATE<\/strong><\/p>\n<p><strong>FORMAT:\u00a0<\/strong>140g glass jar<\/p>\n<p><strong>INGREDIENTS:\u00a0<\/strong>Pitted Black Olives 85%, extra virgin olive oil, wine vinegar, herbs mix.<\/p>\n<p>&nbsp;<\/p>\n<h4>INTRO:<\/h4>\n<p><em>Ours are handcrafted products. We always use quality ingredients and constantly monitor the production chain to ensure a product of excellence.<\/em><\/p>\n<p>&nbsp;<\/p>\n<h4>BLACK OLIVE PATE - USES AND CONSUMPTION:<\/h4>\n<p>Black olive p\u00e2t\u00e9 is a condiment with a strong and addictive taste. The goodness of the pat\u00e9 depends on the quality and type of olives used. These give the product an aroma and fragrance that takes us back to the taste of freshly picked olives.<\/p>\n<p>&nbsp;<\/p>\n<p>Olives are a very rich source of group vitamins A, B, C and E, and thanks to the mineral salts they contain, they supply the body with iron, magnesium, potassium, phosphorus, sodium and iodine, which provide the intestine with oleic acid, which is useful for protecting and strengthening the immune system.<\/p>\n<p>&nbsp;<\/p>\n<p>Black olive p\u00e2t\u00e9 is a popular condiment for seasoning pasta dishes, or it can be used as a cream to spread on canap\u00e9s or bruschetta or to accompany breadsticks. The strong taste of black olives will add flavour to any dish, enriching it with taste but without covering up the flavours.<\/p>\n<p>&nbsp;<\/p>\n<p>For lovers of olives or earthy specialities, an unmistakable flavour arrives on the table: an exquisite, delicate cream with an intense aroma, which holds the taste of freshly ground black olives.<\/p>\n<p>&nbsp;<\/p>\n<h4>DISCOVER MORE:<\/h4>\n<p>To find out more about black olive p\u00e2t\u00e9, Torrisis products and the culinary traditions of Sicily, we recommend you visit our <a href=\"https:\/\/torrisis.com\/en\/blogs\/\">blog,<\/a> full of interesting and overwhelming articles recounting its many facets. In the section <a href=\"https:\/\/torrisis.com\/en\/recipes\/\">recipes<\/a> You will also find a wide variety of quick and easy cooking tips, as well as lots of ideas and useful advice on how to make the best use of our products in the kitchen and how to ensure that you create excellent dishes.<\/p>\n<p>For more advice on our products and pairings with Sicilian wines and sparkling wines visit <a href=\"http:\/\/veataly.it\">veataly.co.uk<\/a><\/p>","protected":false},"excerpt":{"rendered":"<p>For a quick aperitif with an all-Sicilian taste, we recommend the Black Olive Pate. You can spread it on bread as if it were a cream, and pair it with platters of typical Sicilian cold cuts and cheeses.<\/p>","protected":false},"featured_media":1897,"comment_status":"open","ping_status":"closed","template":"","meta":{"_acf_changed":false,"wprm-recipe-roundup-name":"","wprm-recipe-roundup-description":""},"product_cat":[24],"product_tag":[],"class_list":{"0":"post-408","1":"product","2":"type-product","3":"status-publish","4":"has-post-thumbnail","6":"product_cat-pesti-pate","8":"first","9":"outofstock","10":"taxable","11":"shipping-taxable","12":"purchasable","13":"product-type-simple"},"acf":[],"yoast_head":"<!-- This site is optimized with the Yoast SEO Premium plugin v23.0 (Yoast SEO v23.0) - https:\/\/yoast.com\/wordpress\/plugins\/seo\/ -->\n<title>Pat\u00e8 di olive nere - Torrisis<\/title>\n<meta name=\"description\" content=\"Pat\u00e8 di olive nere - Torrisis - Per un aperitivo veloce ma gustoso consigliamo il pat\u00e8 di olive nere. Ottimo! Lo puoi spalmare sul pane come fosse una crema\" \/>\n<meta name=\"robots\" content=\"index, follow, max-snippet:-1, max-image-preview:large, max-video-preview:-1\" \/>\n<link rel=\"canonical\" href=\"https:\/\/torrisis.com\/en\/product\/black-olive-pate\/\" \/>\n<meta property=\"og:locale\" content=\"en_GB\" \/>\n<meta property=\"og:type\" content=\"article\" \/>\n<meta property=\"og:title\" content=\"Pat\u00e8 di olive nere\" \/>\n<meta property=\"og:description\" content=\"Pat\u00e8 di olive nere - Torrisis - Per un aperitivo veloce ma gustoso consigliamo il pat\u00e8 di olive nere. Ottimo! Lo puoi spalmare sul pane come fosse una crema\" \/>\n<meta property=\"og:url\" content=\"https:\/\/torrisis.com\/en\/product\/black-olive-pate\/\" \/>\n<meta property=\"og:site_name\" content=\"Torrisis\" \/>\n<meta property=\"article:modified_time\" content=\"2024-07-13T10:54:58+00:00\" \/>\n<meta property=\"og:image\" content=\"https:\/\/torrisis.com\/wp-content\/uploads\/2022\/01\/PATE-DI-OLIVE-NERE-scaled.jpg\" \/>\n\t<meta property=\"og:image:width\" content=\"2560\" \/>\n\t<meta property=\"og:image:height\" content=\"2560\" \/>\n\t<meta property=\"og:image:type\" content=\"image\/jpeg\" \/>\n<meta name=\"twitter:card\" content=\"summary_large_image\" \/>\n<meta name=\"twitter:label1\" content=\"Estimated reading time\" \/>\n\t<meta name=\"twitter:data1\" content=\"2 minutes\" \/>\n<script type=\"application\/ld+json\" class=\"yoast-schema-graph\">{\"@context\":\"https:\/\/schema.org\",\"@graph\":[{\"@type\":\"WebPage\",\"@id\":\"https:\/\/torrisis.com\/prodotto\/pate-di-olive-nere\/\",\"url\":\"https:\/\/torrisis.com\/prodotto\/pate-di-olive-nere\/\",\"name\":\"Pat\u00e8 di olive nere - Torrisis\",\"isPartOf\":{\"@id\":\"https:\/\/torrisis.com\/#website\"},\"primaryImageOfPage\":{\"@id\":\"https:\/\/torrisis.com\/prodotto\/pate-di-olive-nere\/#primaryimage\"},\"image\":{\"@id\":\"https:\/\/torrisis.com\/prodotto\/pate-di-olive-nere\/#primaryimage\"},\"thumbnailUrl\":\"https:\/\/torrisis.com\/wp-content\/uploads\/2022\/01\/PATE-DI-OLIVE-NERE-scaled.jpg\",\"datePublished\":\"2021-05-15T08:22:26+00:00\",\"dateModified\":\"2024-07-13T10:54:58+00:00\",\"description\":\"Pat\u00e8 di olive nere - Torrisis - Per un aperitivo veloce ma gustoso consigliamo il pat\u00e8 di olive nere. Ottimo! Lo puoi spalmare sul pane come fosse una crema\",\"breadcrumb\":{\"@id\":\"https:\/\/torrisis.com\/prodotto\/pate-di-olive-nere\/#breadcrumb\"},\"inLanguage\":\"en-GB\",\"potentialAction\":[{\"@type\":\"ReadAction\",\"target\":[\"https:\/\/torrisis.com\/prodotto\/pate-di-olive-nere\/\"]}]},{\"@type\":\"ImageObject\",\"inLanguage\":\"en-GB\",\"@id\":\"https:\/\/torrisis.com\/prodotto\/pate-di-olive-nere\/#primaryimage\",\"url\":\"https:\/\/torrisis.com\/wp-content\/uploads\/2022\/01\/PATE-DI-OLIVE-NERE-scaled.jpg\",\"contentUrl\":\"https:\/\/torrisis.com\/wp-content\/uploads\/2022\/01\/PATE-DI-OLIVE-NERE-scaled.jpg\",\"width\":2560,\"height\":2560,\"caption\":\"pat\u00e8 di olive nere\"},{\"@type\":\"BreadcrumbList\",\"@id\":\"https:\/\/torrisis.com\/prodotto\/pate-di-olive-nere\/#breadcrumb\",\"itemListElement\":[{\"@type\":\"ListItem\",\"position\":1,\"name\":\"Home\",\"item\":\"https:\/\/torrisis.com\/\"},{\"@type\":\"ListItem\",\"position\":2,\"name\":\"Shop\",\"item\":\"https:\/\/torrisis.com\/negozio\/\"},{\"@type\":\"ListItem\",\"position\":3,\"name\":\"Pat\u00e8 di olive nere\"}]},{\"@type\":\"WebSite\",\"@id\":\"https:\/\/torrisis.com\/#website\",\"url\":\"https:\/\/torrisis.com\/\",\"name\":\"Torrisis\",\"description\":\"Torrisis\",\"potentialAction\":[{\"@type\":\"SearchAction\",\"target\":{\"@type\":\"EntryPoint\",\"urlTemplate\":\"https:\/\/torrisis.com\/?s={search_term_string}\"},\"query-input\":\"required name=search_term_string\"}],\"inLanguage\":\"en-GB\"}]}<\/script>\n<!-- \/ Yoast SEO Premium plugin. -->","yoast_head_json":{"title":"Pat\u00e8 di olive nere - Torrisis","description":"Pat\u00e8 di olive nere - Torrisis - Per un aperitivo veloce ma gustoso consigliamo il pat\u00e8 di olive nere. Ottimo! Lo puoi spalmare sul pane come fosse una crema","robots":{"index":"index","follow":"follow","max-snippet":"max-snippet:-1","max-image-preview":"max-image-preview:large","max-video-preview":"max-video-preview:-1"},"canonical":"https:\/\/torrisis.com\/en\/product\/black-olive-pate\/","og_locale":"en_GB","og_type":"article","og_title":"Pat\u00e8 di olive nere","og_description":"Pat\u00e8 di olive nere - Torrisis - Per un aperitivo veloce ma gustoso consigliamo il pat\u00e8 di olive nere. Ottimo! Lo puoi spalmare sul pane come fosse una crema","og_url":"https:\/\/torrisis.com\/en\/product\/black-olive-pate\/","og_site_name":"Torrisis","article_modified_time":"2024-07-13T10:54:58+00:00","og_image":[{"width":2560,"height":2560,"url":"https:\/\/torrisis.com\/wp-content\/uploads\/2022\/01\/PATE-DI-OLIVE-NERE-scaled.jpg","type":"image\/jpeg"}],"twitter_card":"summary_large_image","twitter_misc":{"Estimated reading time":"2 minutes"},"schema":{"@context":"https:\/\/schema.org","@graph":[{"@type":"WebPage","@id":"https:\/\/torrisis.com\/prodotto\/pate-di-olive-nere\/","url":"https:\/\/torrisis.com\/prodotto\/pate-di-olive-nere\/","name":"Pat\u00e8 di olive nere - Torrisis","isPartOf":{"@id":"https:\/\/torrisis.com\/#website"},"primaryImageOfPage":{"@id":"https:\/\/torrisis.com\/prodotto\/pate-di-olive-nere\/#primaryimage"},"image":{"@id":"https:\/\/torrisis.com\/prodotto\/pate-di-olive-nere\/#primaryimage"},"thumbnailUrl":"https:\/\/torrisis.com\/wp-content\/uploads\/2022\/01\/PATE-DI-OLIVE-NERE-scaled.jpg","datePublished":"2021-05-15T08:22:26+00:00","dateModified":"2024-07-13T10:54:58+00:00","description":"Pat\u00e8 di olive nere - Torrisis - Per un aperitivo veloce ma gustoso consigliamo il pat\u00e8 di olive nere. Ottimo! Lo puoi spalmare sul pane come fosse una crema","breadcrumb":{"@id":"https:\/\/torrisis.com\/prodotto\/pate-di-olive-nere\/#breadcrumb"},"inLanguage":"en-GB","potentialAction":[{"@type":"ReadAction","target":["https:\/\/torrisis.com\/prodotto\/pate-di-olive-nere\/"]}]},{"@type":"ImageObject","inLanguage":"en-GB","@id":"https:\/\/torrisis.com\/prodotto\/pate-di-olive-nere\/#primaryimage","url":"https:\/\/torrisis.com\/wp-content\/uploads\/2022\/01\/PATE-DI-OLIVE-NERE-scaled.jpg","contentUrl":"https:\/\/torrisis.com\/wp-content\/uploads\/2022\/01\/PATE-DI-OLIVE-NERE-scaled.jpg","width":2560,"height":2560,"caption":"pat\u00e8 di olive nere"},{"@type":"BreadcrumbList","@id":"https:\/\/torrisis.com\/prodotto\/pate-di-olive-nere\/#breadcrumb","itemListElement":[{"@type":"ListItem","position":1,"name":"Home","item":"https:\/\/torrisis.com\/"},{"@type":"ListItem","position":2,"name":"Shop","item":"https:\/\/torrisis.com\/negozio\/"},{"@type":"ListItem","position":3,"name":"Pat\u00e8 di olive nere"}]},{"@type":"WebSite","@id":"https:\/\/torrisis.com\/#website","url":"https:\/\/torrisis.com\/","name":"Torrisis","description":"Torrisis","potentialAction":[{"@type":"SearchAction","target":{"@type":"EntryPoint","urlTemplate":"https:\/\/torrisis.com\/?s={search_term_string}"},"query-input":"required name=search_term_string"}],"inLanguage":"en-GB"}]}},"_links":{"self":[{"href":"https:\/\/torrisis.com\/en\/wp-json\/wp\/v2\/product\/408"}],"collection":[{"href":"https:\/\/torrisis.com\/en\/wp-json\/wp\/v2\/product"}],"about":[{"href":"https:\/\/torrisis.com\/en\/wp-json\/wp\/v2\/types\/product"}],"replies":[{"embeddable":true,"href":"https:\/\/torrisis.com\/en\/wp-json\/wp\/v2\/comments?post=408"}],"wp:featuredmedia":[{"embeddable":true,"href":"https:\/\/torrisis.com\/en\/wp-json\/wp\/v2\/media\/1897"}],"wp:attachment":[{"href":"https:\/\/torrisis.com\/en\/wp-json\/wp\/v2\/media?parent=408"}],"wp:term":[{"taxonomy":"product_cat","embeddable":true,"href":"https:\/\/torrisis.com\/en\/wp-json\/wp\/v2\/product_cat?post=408"},{"taxonomy":"product_tag","embeddable":true,"href":"https:\/\/torrisis.com\/en\/wp-json\/wp\/v2\/product_tag?post=408"}],"curies":[{"name":"wp","href":"https:\/\/api.w.org\/{rel}","templated":true}]}}