{"id":410,"date":"2021-05-15T08:24:38","date_gmt":"2021-05-15T08:24:38","guid":{"rendered":"https:\/\/torrisis.eu\/?post_type=product&#038;p=410"},"modified":"2024-07-13T10:54:55","modified_gmt":"2024-07-13T10:54:55","slug":"pate-al-peperoncino","status":"publish","type":"product","link":"https:\/\/torrisis.com\/en\/product\/chilli-pate\/","title":{"rendered":"Chilli pate"},"content":{"rendered":"<p><strong>CHILLI PATE<\/strong><\/p>\n<p>&nbsp;<\/p>\n<p><strong>FORMAT:<\/strong> 90g glass jar<\/p>\n<p>&nbsp;<\/p>\n<p><strong>INGREDIENTS:\u00a0<\/strong>Chilli 70%, sunflower oil, citric acid.<\/p>\n<p>&nbsp;<\/p>\n<h4>INTRO:<\/h4>\n<p><em>Ours are handcrafted products. We always use quality ingredients and constantly monitor the production chain to ensure a product of excellence.<\/em><\/p>\n<p>&nbsp;<\/p>\n<h4>CHILLI PATE - USES AND CONSUMPTION:<\/h4>\n<p>&nbsp;<\/p>\n<p>Chilli is the common name given to the berry obtained from certain spicy varieties of plants, mainly used as a condiment.<\/p>\n<p>&nbsp;<\/p>\n<p>Although it comes from the same genus as the pepper, chilli peppers differ from it in that they contain capsaicin, a chemical compound present in different concentrations depending on the variety, which is responsible for spiciness.<\/p>\n<p>&nbsp;<\/p>\n<p>In ancient times, it was used in the preparation of hot chocolate, and was used as a base for various dishes. It is a widely used ingredient in the gastronomy of South America, from where it draws its origins, both for its spicy flavour and to colour dishes. Once acclimatised in Europe, it has also become a product used here. It is customary to dry and grind chilli peppers and use them to season and colour different types of sauces and dishes.<\/p>\n<p>&nbsp;<\/p>\n<p>In Italy, chilli is usually used as a condiment: it can be eaten fresh, dried or as chilli pate.<\/p>\n<p>&nbsp;<\/p>\n<p>Our creamy chilli p\u00e2t\u00e9 is suitable for topping crostini, bruschettas, sandwiches, and is excellent for seasoning first and main courses.<\/p>\n<p>&nbsp;<\/p>\n<p>Studies have reported that regular intake of chilli peppers is associated with a reduction in mortality<sup id=\"cite_ref-9\" class=\"reference\"><\/sup>. Chilli also promotes good digestion because it increases the production of saliva and gastric juices.<\/p>\n<p>&nbsp;<\/p>\n<p>&nbsp;<\/p>\n<h4>DISCOVER MORE:<\/h4>\n<p>To find out more about chilli pate, products <a href=\"https:\/\/torrisis.com\/en\/\">Torrisis<\/a>\u00a0and the culinary traditions of Sicily, we recommend you visit our\u00a0<a href=\"\/\">blog<\/a>\u00a0full of interesting and overwhelming articles on Sicily, telling its many facets. In the section\u00a0<a href=\"\/\">recipes<\/a> You will also find a wide variety of quick and easy cooking tips, as well as lots of ideas and useful advice on how to make the best use of our products in the kitchen and how to ensure that you create excellent dishes.<\/p>\n<h4><\/h4>\n<p>For more advice on our products and pairings with Sicilian wines and sparkling wines visit <a href=\"http:\/\/veataly.it\">veataly.co.uk<\/a><\/p>","protected":false},"excerpt":{"rendered":"<p>Sicilian chilli pate is for connoisseurs. With the 70% of Sicilian chilli peppers you can get a little hot. Chilli pesto can be used on any dish: on pasta, meat, fish, but especially on bread!<\/p>","protected":false},"featured_media":2325,"comment_status":"open","ping_status":"closed","template":"","meta":{"_acf_changed":false,"wprm-recipe-roundup-name":"","wprm-recipe-roundup-description":""},"product_cat":[24],"product_tag":[],"class_list":{"0":"post-410","1":"product","2":"type-product","3":"status-publish","4":"has-post-thumbnail","6":"product_cat-pesti-pate","8":"first","9":"instock","10":"taxable","11":"shipping-taxable","12":"purchasable","13":"product-type-simple"},"acf":[],"yoast_head":"<!-- This site is optimized with the Yoast SEO Premium plugin v23.0 (Yoast SEO v23.0) - https:\/\/yoast.com\/wordpress\/plugins\/seo\/ -->\n<title>Pat\u00e8 al peperoncino - Torrisis<\/title>\n<meta name=\"description\" content=\"Pat\u00e8 al peperoncino - Torrisis - l pesto al peperoncino pu\u00f2 essere utilizzato su qualsiasi pietanza come la pasta o spalmato su del pane fresco\" \/>\n<meta name=\"robots\" content=\"index, follow, max-snippet:-1, max-image-preview:large, max-video-preview:-1\" \/>\n<link rel=\"canonical\" href=\"https:\/\/torrisis.com\/en\/product\/chilli-pate\/\" \/>\n<meta property=\"og:locale\" content=\"en_GB\" \/>\n<meta property=\"og:type\" content=\"article\" \/>\n<meta property=\"og:title\" content=\"Pat\u00e8 al peperoncino\" \/>\n<meta property=\"og:description\" content=\"Pat\u00e8 al peperoncino - Torrisis - l pesto al peperoncino pu\u00f2 essere utilizzato su qualsiasi pietanza come la pasta o spalmato su del pane fresco\" \/>\n<meta property=\"og:url\" content=\"https:\/\/torrisis.com\/en\/product\/chilli-pate\/\" \/>\n<meta property=\"og:site_name\" content=\"Torrisis\" \/>\n<meta property=\"article:modified_time\" content=\"2024-07-13T10:54:55+00:00\" \/>\n<meta property=\"og:image\" content=\"https:\/\/torrisis.com\/wp-content\/uploads\/2021\/05\/PATE-AL-PEPERONCINO-scaled.jpg\" \/>\n\t<meta property=\"og:image:width\" content=\"2560\" \/>\n\t<meta property=\"og:image:height\" content=\"2560\" \/>\n\t<meta property=\"og:image:type\" content=\"image\/jpeg\" \/>\n<meta name=\"twitter:card\" content=\"summary_large_image\" \/>\n<meta name=\"twitter:label1\" content=\"Estimated reading time\" \/>\n\t<meta name=\"twitter:data1\" content=\"2 minutes\" \/>\n<script type=\"application\/ld+json\" class=\"yoast-schema-graph\">{\"@context\":\"https:\/\/schema.org\",\"@graph\":[{\"@type\":\"WebPage\",\"@id\":\"https:\/\/torrisis.com\/prodotto\/pate-al-peperoncino\/\",\"url\":\"https:\/\/torrisis.com\/prodotto\/pate-al-peperoncino\/\",\"name\":\"Pat\u00e8 al peperoncino - Torrisis\",\"isPartOf\":{\"@id\":\"https:\/\/torrisis.com\/#website\"},\"primaryImageOfPage\":{\"@id\":\"https:\/\/torrisis.com\/prodotto\/pate-al-peperoncino\/#primaryimage\"},\"image\":{\"@id\":\"https:\/\/torrisis.com\/prodotto\/pate-al-peperoncino\/#primaryimage\"},\"thumbnailUrl\":\"https:\/\/torrisis.com\/wp-content\/uploads\/2021\/05\/PATE-AL-PEPERONCINO-scaled.jpg\",\"datePublished\":\"2021-05-15T08:24:38+00:00\",\"dateModified\":\"2024-07-13T10:54:55+00:00\",\"description\":\"Pat\u00e8 al peperoncino - Torrisis - l pesto al peperoncino pu\u00f2 essere utilizzato su qualsiasi pietanza come la pasta o spalmato su del pane fresco\",\"breadcrumb\":{\"@id\":\"https:\/\/torrisis.com\/prodotto\/pate-al-peperoncino\/#breadcrumb\"},\"inLanguage\":\"en-GB\",\"potentialAction\":[{\"@type\":\"ReadAction\",\"target\":[\"https:\/\/torrisis.com\/prodotto\/pate-al-peperoncino\/\"]}]},{\"@type\":\"ImageObject\",\"inLanguage\":\"en-GB\",\"@id\":\"https:\/\/torrisis.com\/prodotto\/pate-al-peperoncino\/#primaryimage\",\"url\":\"https:\/\/torrisis.com\/wp-content\/uploads\/2021\/05\/PATE-AL-PEPERONCINO-scaled.jpg\",\"contentUrl\":\"https:\/\/torrisis.com\/wp-content\/uploads\/2021\/05\/PATE-AL-PEPERONCINO-scaled.jpg\",\"width\":2560,\"height\":2560,\"caption\":\"Pat\u00e8 al peperoncino\"},{\"@type\":\"BreadcrumbList\",\"@id\":\"https:\/\/torrisis.com\/prodotto\/pate-al-peperoncino\/#breadcrumb\",\"itemListElement\":[{\"@type\":\"ListItem\",\"position\":1,\"name\":\"Home\",\"item\":\"https:\/\/torrisis.com\/\"},{\"@type\":\"ListItem\",\"position\":2,\"name\":\"Shop\",\"item\":\"https:\/\/torrisis.com\/negozio\/\"},{\"@type\":\"ListItem\",\"position\":3,\"name\":\"Pat\u00e8 al peperoncino\"}]},{\"@type\":\"WebSite\",\"@id\":\"https:\/\/torrisis.com\/#website\",\"url\":\"https:\/\/torrisis.com\/\",\"name\":\"Torrisis\",\"description\":\"Torrisis\",\"potentialAction\":[{\"@type\":\"SearchAction\",\"target\":{\"@type\":\"EntryPoint\",\"urlTemplate\":\"https:\/\/torrisis.com\/?s={search_term_string}\"},\"query-input\":\"required name=search_term_string\"}],\"inLanguage\":\"en-GB\"}]}<\/script>\n<!-- \/ Yoast SEO Premium plugin. -->","yoast_head_json":{"title":"Pat\u00e8 al peperoncino - Torrisis","description":"Pat\u00e8 al peperoncino - Torrisis - l pesto al peperoncino pu\u00f2 essere utilizzato su qualsiasi pietanza come la pasta o spalmato su del pane fresco","robots":{"index":"index","follow":"follow","max-snippet":"max-snippet:-1","max-image-preview":"max-image-preview:large","max-video-preview":"max-video-preview:-1"},"canonical":"https:\/\/torrisis.com\/en\/product\/chilli-pate\/","og_locale":"en_GB","og_type":"article","og_title":"Pat\u00e8 al peperoncino","og_description":"Pat\u00e8 al peperoncino - Torrisis - l pesto al peperoncino pu\u00f2 essere utilizzato su qualsiasi pietanza come la pasta o spalmato su del pane fresco","og_url":"https:\/\/torrisis.com\/en\/product\/chilli-pate\/","og_site_name":"Torrisis","article_modified_time":"2024-07-13T10:54:55+00:00","og_image":[{"width":2560,"height":2560,"url":"https:\/\/torrisis.com\/wp-content\/uploads\/2021\/05\/PATE-AL-PEPERONCINO-scaled.jpg","type":"image\/jpeg"}],"twitter_card":"summary_large_image","twitter_misc":{"Estimated reading time":"2 minutes"},"schema":{"@context":"https:\/\/schema.org","@graph":[{"@type":"WebPage","@id":"https:\/\/torrisis.com\/prodotto\/pate-al-peperoncino\/","url":"https:\/\/torrisis.com\/prodotto\/pate-al-peperoncino\/","name":"Pat\u00e8 al peperoncino - Torrisis","isPartOf":{"@id":"https:\/\/torrisis.com\/#website"},"primaryImageOfPage":{"@id":"https:\/\/torrisis.com\/prodotto\/pate-al-peperoncino\/#primaryimage"},"image":{"@id":"https:\/\/torrisis.com\/prodotto\/pate-al-peperoncino\/#primaryimage"},"thumbnailUrl":"https:\/\/torrisis.com\/wp-content\/uploads\/2021\/05\/PATE-AL-PEPERONCINO-scaled.jpg","datePublished":"2021-05-15T08:24:38+00:00","dateModified":"2024-07-13T10:54:55+00:00","description":"Pat\u00e8 al peperoncino - Torrisis - l pesto al peperoncino pu\u00f2 essere utilizzato su qualsiasi pietanza come la pasta o spalmato su del pane fresco","breadcrumb":{"@id":"https:\/\/torrisis.com\/prodotto\/pate-al-peperoncino\/#breadcrumb"},"inLanguage":"en-GB","potentialAction":[{"@type":"ReadAction","target":["https:\/\/torrisis.com\/prodotto\/pate-al-peperoncino\/"]}]},{"@type":"ImageObject","inLanguage":"en-GB","@id":"https:\/\/torrisis.com\/prodotto\/pate-al-peperoncino\/#primaryimage","url":"https:\/\/torrisis.com\/wp-content\/uploads\/2021\/05\/PATE-AL-PEPERONCINO-scaled.jpg","contentUrl":"https:\/\/torrisis.com\/wp-content\/uploads\/2021\/05\/PATE-AL-PEPERONCINO-scaled.jpg","width":2560,"height":2560,"caption":"Pat\u00e8 al peperoncino"},{"@type":"BreadcrumbList","@id":"https:\/\/torrisis.com\/prodotto\/pate-al-peperoncino\/#breadcrumb","itemListElement":[{"@type":"ListItem","position":1,"name":"Home","item":"https:\/\/torrisis.com\/"},{"@type":"ListItem","position":2,"name":"Shop","item":"https:\/\/torrisis.com\/negozio\/"},{"@type":"ListItem","position":3,"name":"Pat\u00e8 al peperoncino"}]},{"@type":"WebSite","@id":"https:\/\/torrisis.com\/#website","url":"https:\/\/torrisis.com\/","name":"Torrisis","description":"Torrisis","potentialAction":[{"@type":"SearchAction","target":{"@type":"EntryPoint","urlTemplate":"https:\/\/torrisis.com\/?s={search_term_string}"},"query-input":"required name=search_term_string"}],"inLanguage":"en-GB"}]}},"_links":{"self":[{"href":"https:\/\/torrisis.com\/en\/wp-json\/wp\/v2\/product\/410"}],"collection":[{"href":"https:\/\/torrisis.com\/en\/wp-json\/wp\/v2\/product"}],"about":[{"href":"https:\/\/torrisis.com\/en\/wp-json\/wp\/v2\/types\/product"}],"replies":[{"embeddable":true,"href":"https:\/\/torrisis.com\/en\/wp-json\/wp\/v2\/comments?post=410"}],"wp:featuredmedia":[{"embeddable":true,"href":"https:\/\/torrisis.com\/en\/wp-json\/wp\/v2\/media\/2325"}],"wp:attachment":[{"href":"https:\/\/torrisis.com\/en\/wp-json\/wp\/v2\/media?parent=410"}],"wp:term":[{"taxonomy":"product_cat","embeddable":true,"href":"https:\/\/torrisis.com\/en\/wp-json\/wp\/v2\/product_cat?post=410"},{"taxonomy":"product_tag","embeddable":true,"href":"https:\/\/torrisis.com\/en\/wp-json\/wp\/v2\/product_tag?post=410"}],"curies":[{"name":"wp","href":"https:\/\/api.w.org\/{rel}","templated":true}]}}