{"id":412,"date":"2021-05-15T08:26:54","date_gmt":"2021-05-15T08:26:54","guid":{"rendered":"https:\/\/torrisis.eu\/?post_type=product&#038;p=412"},"modified":"2024-07-13T10:54:52","modified_gmt":"2024-07-13T10:54:52","slug":"pate-di-olive-verdi","status":"publish","type":"product","link":"https:\/\/torrisis.com\/en\/product\/green-olive-pate\/","title":{"rendered":"Green olive pate"},"content":{"rendered":"<p><strong>GREEN OLIVE PATE<\/strong><\/p>\n<p>&nbsp;<\/p>\n<p><strong>FORMAT<\/strong><em><strong>:<\/strong><\/em> 140g glass jar<\/p>\n<p>&nbsp;<\/p>\n<p><strong>INGREDIENTS:\u00a0<\/strong>Pitted Green Olives 85%, extra virgin olive oil, wine vinegar, herbs mix.<\/p>\n<p>&nbsp;<\/p>\n<h4>INTRO:<\/h4>\n<p><em>Ours are handcrafted products. We always use quality ingredients and constantly monitor the production chain to ensure a product of excellence.<\/em><\/p>\n<p>&nbsp;<\/p>\n<h4>GREEN OLIVE PATE - USES AND CONSUMPTION:<\/h4>\n<p>Green olive p\u00e2t\u00e9 is an absolutely fabulous condiment with a strong and addictive taste. The goodness of the pat\u00e9 depends on the quality and type of olives used. These give the product an aroma and fragrance that brings us back to the taste of freshly picked olives.<\/p>\n<p>&nbsp;<\/p>\n<p>Green olives are a very rich source of group vitamins A, B, C and E. Thanks to the mineral salts they contain, they supply the body with iron, magnesium, potassium, phosphorus, sodium and iodine, which provide the intestine with oleic acid that helps regulate the intestinal system and strengthen the immune system.<\/p>\n<p>&nbsp;<\/p>\n<p>Green olive p\u00e2t\u00e9 can be used in a thousand ways. This condiment is perfect for preparing first courses and main courses of meat or fish. Thanks to its creamy consistency, it is excellent when spread on canap\u00e9s, crostini, bruschettas, bread, potatoes and vegetables, or to be combined with local cured meats and cheeses such as provola dei Nebrodi.<\/p>\n<p>&nbsp;<\/p>\n<h4>DISCOVER MORE:<\/h4>\n<p>To find out more about green olive p\u00e2t\u00e9, Torrisis products and the culinary traditions of Sicily, we recommend visiting our <a href=\"https:\/\/torrisis.com\/en\/blogs\/\">blog,<\/a> full of interesting and overwhelming articles recounting its many facets. In the section <a href=\"https:\/\/torrisis.com\/en\/recipes\/\">recipes<\/a> You will also find a wide variety of quick and easy cooking tips, as well as lots of ideas and useful advice on how to make the best use of our products in the kitchen and how to ensure that you create excellent dishes.<\/p>\n<p>For more advice on our products and pairings with Sicilian wines and sparkling wines visit <a href=\"http:\/\/veataly.it\">veataly.co.uk<\/a><\/p>","protected":false},"excerpt":{"rendered":"<p>Green olive p\u00e2t\u00e9 is excellent enjoyed on a slice of bread or as a garnish for meat and fish dishes. It can also be used to garnish appetising salads and cheese dishes such as mozzarella and burrata.<\/p>","protected":false},"featured_media":1899,"comment_status":"open","ping_status":"closed","template":"","meta":{"_acf_changed":false,"wprm-recipe-roundup-name":"","wprm-recipe-roundup-description":""},"product_cat":[24],"product_tag":[],"class_list":{"0":"post-412","1":"product","2":"type-product","3":"status-publish","4":"has-post-thumbnail","6":"product_cat-pesti-pate","8":"first","9":"outofstock","10":"taxable","11":"shipping-taxable","12":"purchasable","13":"product-type-simple"},"acf":[],"yoast_head":"<!-- This site is optimized with the Yoast SEO Premium plugin v23.0 (Yoast SEO v23.0) - https:\/\/yoast.com\/wordpress\/plugins\/seo\/ -->\n<title>Pat\u00e8 di olive verdi - Torrisis<\/title>\n<meta name=\"description\" content=\"Il pat\u00e9 di olive verdi \u00e8 un condimento dal gusto straordinario e dal profumo intenso. Ottimo per condire primi piatti e pietanze di carne o pesce.\" \/>\n<meta name=\"robots\" content=\"index, follow, max-snippet:-1, max-image-preview:large, max-video-preview:-1\" \/>\n<link rel=\"canonical\" href=\"https:\/\/torrisis.com\/en\/product\/green-olive-pate\/\" \/>\n<meta property=\"og:locale\" content=\"en_GB\" \/>\n<meta property=\"og:type\" content=\"article\" \/>\n<meta property=\"og:title\" content=\"Pat\u00e8 di olive verdi\" \/>\n<meta property=\"og:description\" content=\"Il pat\u00e9 di olive verdi \u00e8 un condimento dal gusto straordinario e dal profumo intenso. Ottimo per condire primi piatti e pietanze di carne o pesce.\" \/>\n<meta property=\"og:url\" content=\"https:\/\/torrisis.com\/en\/product\/green-olive-pate\/\" \/>\n<meta property=\"og:site_name\" content=\"Torrisis\" \/>\n<meta property=\"article:modified_time\" content=\"2024-07-13T10:54:52+00:00\" \/>\n<meta property=\"og:image\" content=\"https:\/\/torrisis.com\/wp-content\/uploads\/2022\/01\/PATE-DI-OLIVE-VERDI-scaled.jpg\" \/>\n\t<meta property=\"og:image:width\" content=\"2560\" \/>\n\t<meta property=\"og:image:height\" content=\"2560\" \/>\n\t<meta property=\"og:image:type\" content=\"image\/jpeg\" \/>\n<meta name=\"twitter:card\" content=\"summary_large_image\" \/>\n<meta name=\"twitter:label1\" content=\"Estimated reading time\" \/>\n\t<meta name=\"twitter:data1\" content=\"2 minutes\" \/>\n<script type=\"application\/ld+json\" class=\"yoast-schema-graph\">{\"@context\":\"https:\/\/schema.org\",\"@graph\":[{\"@type\":\"WebPage\",\"@id\":\"https:\/\/torrisis.com\/prodotto\/pate-di-olive-verdi\/\",\"url\":\"https:\/\/torrisis.com\/prodotto\/pate-di-olive-verdi\/\",\"name\":\"Pat\u00e8 di olive verdi - Torrisis\",\"isPartOf\":{\"@id\":\"https:\/\/torrisis.com\/#website\"},\"primaryImageOfPage\":{\"@id\":\"https:\/\/torrisis.com\/prodotto\/pate-di-olive-verdi\/#primaryimage\"},\"image\":{\"@id\":\"https:\/\/torrisis.com\/prodotto\/pate-di-olive-verdi\/#primaryimage\"},\"thumbnailUrl\":\"https:\/\/torrisis.com\/wp-content\/uploads\/2022\/01\/PATE-DI-OLIVE-VERDI-scaled.jpg\",\"datePublished\":\"2021-05-15T08:26:54+00:00\",\"dateModified\":\"2024-07-13T10:54:52+00:00\",\"description\":\"Il pat\u00e9 di olive verdi \u00e8 un condimento dal gusto straordinario e dal profumo intenso. Ottimo per condire primi piatti e pietanze di carne o pesce.\",\"breadcrumb\":{\"@id\":\"https:\/\/torrisis.com\/prodotto\/pate-di-olive-verdi\/#breadcrumb\"},\"inLanguage\":\"en-GB\",\"potentialAction\":[{\"@type\":\"ReadAction\",\"target\":[\"https:\/\/torrisis.com\/prodotto\/pate-di-olive-verdi\/\"]}]},{\"@type\":\"ImageObject\",\"inLanguage\":\"en-GB\",\"@id\":\"https:\/\/torrisis.com\/prodotto\/pate-di-olive-verdi\/#primaryimage\",\"url\":\"https:\/\/torrisis.com\/wp-content\/uploads\/2022\/01\/PATE-DI-OLIVE-VERDI-scaled.jpg\",\"contentUrl\":\"https:\/\/torrisis.com\/wp-content\/uploads\/2022\/01\/PATE-DI-OLIVE-VERDI-scaled.jpg\",\"width\":2560,\"height\":2560,\"caption\":\"pat\u00e8 di olive verdi\"},{\"@type\":\"BreadcrumbList\",\"@id\":\"https:\/\/torrisis.com\/prodotto\/pate-di-olive-verdi\/#breadcrumb\",\"itemListElement\":[{\"@type\":\"ListItem\",\"position\":1,\"name\":\"Home\",\"item\":\"https:\/\/torrisis.com\/\"},{\"@type\":\"ListItem\",\"position\":2,\"name\":\"Shop\",\"item\":\"https:\/\/torrisis.com\/negozio\/\"},{\"@type\":\"ListItem\",\"position\":3,\"name\":\"Pat\u00e8 di olive verdi\"}]},{\"@type\":\"WebSite\",\"@id\":\"https:\/\/torrisis.com\/#website\",\"url\":\"https:\/\/torrisis.com\/\",\"name\":\"Torrisis\",\"description\":\"Torrisis\",\"potentialAction\":[{\"@type\":\"SearchAction\",\"target\":{\"@type\":\"EntryPoint\",\"urlTemplate\":\"https:\/\/torrisis.com\/?s={search_term_string}\"},\"query-input\":\"required name=search_term_string\"}],\"inLanguage\":\"en-GB\"}]}<\/script>\n<!-- \/ Yoast SEO Premium plugin. -->","yoast_head_json":{"title":"Pat\u00e8 di olive verdi - Torrisis","description":"Il pat\u00e9 di olive verdi \u00e8 un condimento dal gusto straordinario e dal profumo intenso. Ottimo per condire primi piatti e pietanze di carne o pesce.","robots":{"index":"index","follow":"follow","max-snippet":"max-snippet:-1","max-image-preview":"max-image-preview:large","max-video-preview":"max-video-preview:-1"},"canonical":"https:\/\/torrisis.com\/en\/product\/green-olive-pate\/","og_locale":"en_GB","og_type":"article","og_title":"Pat\u00e8 di olive verdi","og_description":"Il pat\u00e9 di olive verdi \u00e8 un condimento dal gusto straordinario e dal profumo intenso. Ottimo per condire primi piatti e pietanze di carne o pesce.","og_url":"https:\/\/torrisis.com\/en\/product\/green-olive-pate\/","og_site_name":"Torrisis","article_modified_time":"2024-07-13T10:54:52+00:00","og_image":[{"width":2560,"height":2560,"url":"https:\/\/torrisis.com\/wp-content\/uploads\/2022\/01\/PATE-DI-OLIVE-VERDI-scaled.jpg","type":"image\/jpeg"}],"twitter_card":"summary_large_image","twitter_misc":{"Estimated reading time":"2 minutes"},"schema":{"@context":"https:\/\/schema.org","@graph":[{"@type":"WebPage","@id":"https:\/\/torrisis.com\/prodotto\/pate-di-olive-verdi\/","url":"https:\/\/torrisis.com\/prodotto\/pate-di-olive-verdi\/","name":"Pat\u00e8 di olive verdi - Torrisis","isPartOf":{"@id":"https:\/\/torrisis.com\/#website"},"primaryImageOfPage":{"@id":"https:\/\/torrisis.com\/prodotto\/pate-di-olive-verdi\/#primaryimage"},"image":{"@id":"https:\/\/torrisis.com\/prodotto\/pate-di-olive-verdi\/#primaryimage"},"thumbnailUrl":"https:\/\/torrisis.com\/wp-content\/uploads\/2022\/01\/PATE-DI-OLIVE-VERDI-scaled.jpg","datePublished":"2021-05-15T08:26:54+00:00","dateModified":"2024-07-13T10:54:52+00:00","description":"Il pat\u00e9 di olive verdi \u00e8 un condimento dal gusto straordinario e dal profumo intenso. Ottimo per condire primi piatti e pietanze di carne o pesce.","breadcrumb":{"@id":"https:\/\/torrisis.com\/prodotto\/pate-di-olive-verdi\/#breadcrumb"},"inLanguage":"en-GB","potentialAction":[{"@type":"ReadAction","target":["https:\/\/torrisis.com\/prodotto\/pate-di-olive-verdi\/"]}]},{"@type":"ImageObject","inLanguage":"en-GB","@id":"https:\/\/torrisis.com\/prodotto\/pate-di-olive-verdi\/#primaryimage","url":"https:\/\/torrisis.com\/wp-content\/uploads\/2022\/01\/PATE-DI-OLIVE-VERDI-scaled.jpg","contentUrl":"https:\/\/torrisis.com\/wp-content\/uploads\/2022\/01\/PATE-DI-OLIVE-VERDI-scaled.jpg","width":2560,"height":2560,"caption":"pat\u00e8 di olive verdi"},{"@type":"BreadcrumbList","@id":"https:\/\/torrisis.com\/prodotto\/pate-di-olive-verdi\/#breadcrumb","itemListElement":[{"@type":"ListItem","position":1,"name":"Home","item":"https:\/\/torrisis.com\/"},{"@type":"ListItem","position":2,"name":"Shop","item":"https:\/\/torrisis.com\/negozio\/"},{"@type":"ListItem","position":3,"name":"Pat\u00e8 di olive verdi"}]},{"@type":"WebSite","@id":"https:\/\/torrisis.com\/#website","url":"https:\/\/torrisis.com\/","name":"Torrisis","description":"Torrisis","potentialAction":[{"@type":"SearchAction","target":{"@type":"EntryPoint","urlTemplate":"https:\/\/torrisis.com\/?s={search_term_string}"},"query-input":"required name=search_term_string"}],"inLanguage":"en-GB"}]}},"_links":{"self":[{"href":"https:\/\/torrisis.com\/en\/wp-json\/wp\/v2\/product\/412"}],"collection":[{"href":"https:\/\/torrisis.com\/en\/wp-json\/wp\/v2\/product"}],"about":[{"href":"https:\/\/torrisis.com\/en\/wp-json\/wp\/v2\/types\/product"}],"replies":[{"embeddable":true,"href":"https:\/\/torrisis.com\/en\/wp-json\/wp\/v2\/comments?post=412"}],"wp:featuredmedia":[{"embeddable":true,"href":"https:\/\/torrisis.com\/en\/wp-json\/wp\/v2\/media\/1899"}],"wp:attachment":[{"href":"https:\/\/torrisis.com\/en\/wp-json\/wp\/v2\/media?parent=412"}],"wp:term":[{"taxonomy":"product_cat","embeddable":true,"href":"https:\/\/torrisis.com\/en\/wp-json\/wp\/v2\/product_cat?post=412"},{"taxonomy":"product_tag","embeddable":true,"href":"https:\/\/torrisis.com\/en\/wp-json\/wp\/v2\/product_tag?post=412"}],"curies":[{"name":"wp","href":"https:\/\/api.w.org\/{rel}","templated":true}]}}